{"id":778,"date":"2022-07-21T07:38:08","date_gmt":"2022-07-21T07:38:08","guid":{"rendered":"https:\/\/chalet-klosters.faboag.ch\/preise-buchung\/"},"modified":"2023-06-02T09:47:58","modified_gmt":"2023-06-02T09:47:58","slug":"price-booking","status":"publish","type":"page","link":"https:\/\/chalet-klosters.faboag.ch\/en\/price-booking\/","title":{"rendered":"Price &#038; Booking"},"content":{"rendered":"<section class=\"l-section wpb_row us_custom_18199d4a height_auto with_img\"><div class=\"l-section-img\" data-img-width=\"1940\" data-img-height=\"1240\" style=\"background-image: url(https:\/\/chalet-klosters.faboag.ch\/wp-content\/uploads\/2022\/07\/5bcad33f97652f2098a20475ccbba36e_hd.jpeg);background-position: bottom center;background-repeat: no-repeat;\"><\/div><div class=\"l-section-overlay\" style=\"background:rgba(51,51,51,0.15)\"><\/div><div class=\"l-section-h i-cf\"><div class=\"g-cols vc_row via_grid cols_1 laptops-cols_inherit tablets-cols_inherit mobiles-cols_1 valign_top type_default stacking_default\" style=\"grid-gap:0rem;\"><div class=\"wpb_column vc_column_container\"><div class=\"vc_column-inner\">[vc_custom_heading source=&#8221;post_title&#8221; font_container=&#8221;tag:h1|text_align:center|color:%23ffffff&#8221; use_theme_fonts=&#8221;yes&#8221;]<\/div><\/div><\/div><\/div><\/section><section class=\"l-section wpb_row height_medium\"><div class=\"l-section-h i-cf\"><div class=\"g-cols vc_row via_grid cols_1-2 laptops-cols_inherit tablets-cols_inherit mobiles-cols_1 valign_top type_default stacking_default\" style=\"grid-gap:5rem;\"><div class=\"wpb_column vc_column_container\"><div class=\"vc_column-inner\">[vc_custom_heading text=&#8221;4 Sterne<br \/>\neinfach<br \/>\nfair&#8221; font_container=&#8221;tag:h1|font_size:2.2rem|text_align:left&#8221; use_theme_fonts=&#8221;yes&#8221; css=&#8221;%7B%22default%22%3A%7B%22line-height%22%3A%2260px%22%7D%7D&#8221;]<\/div><\/div><div class=\"wpb_column vc_column_container\"><div class=\"vc_column-inner\"><div class=\"w-tabs layout_hor style_simple2 switch_click has_scrolling\" style=\"--sections-title-size:1em\"><div class=\"w-tabs-list items_4 align_none\"><div class=\"w-tabs-list-h\"><button class=\"w-tabs-item active\" aria-controls=\"content-r446\" aria-expanded=\"false\"><span class=\"w-tabs-item-title\">Preise<\/span><\/button><button class=\"w-tabs-item\" aria-controls=\"content-a5e7\" aria-expanded=\"false\"><span class=\"w-tabs-item-title\">Nebenkosten<\/span><\/button><button class=\"w-tabs-item\" aria-controls=\"content-y76a\" aria-expanded=\"false\"><span class=\"w-tabs-item-title\">Inbegriffen<\/span><\/button><button class=\"w-tabs-item\" aria-controls=\"content-o8fc\" aria-expanded=\"false\"><span class=\"w-tabs-item-title\">Konditionen<\/span><\/button><\/div><\/div><div class=\"w-tabs-sections titles-align_none icon_chevron cpos_right\"><div class=\"w-tabs-section active\" id=\"r446\"><button class=\"w-tabs-section-header active\" aria-controls=\"content-r446\" aria-expanded=\"true\"><div class=\"w-tabs-section-title\">Preise<\/div><div class=\"w-tabs-section-control\"><\/div><\/button><div  class=\"w-tabs-section-content\" id=\"content-r446\"><div class=\"w-tabs-section-content-h i-cf\"><div class=\"wpb_text_column us_custom_f73f4019\"><div class=\"wpb_wrapper\"><ul>\n<li>Hauptsaison: <strong>CHF 340<\/strong>.- \/ Nacht<br \/>\n(28.1.23 \u2013 8.4.23\u00a0 \/\u00a0 27.1.24 \u2013 6.4.24)<\/li>\n<li>Zwischensaison: <strong>CHF 260<\/strong>.- \/ Nacht<br \/>\n(24.6.23 \u2013 26.8.23\u00a0 \/\u00a0 25.11.23 \u2013 23.12.23)<br \/>\n(22.6.24 \u2013 24.8.24\u00a0 \/\u00a0 23.11.24 \u2013 21.12.24)<\/li>\n<li>Nebensaison: <strong>CHF 220<\/strong>.- \/ Nacht<br \/>\n(8.4.23 \u2013 24.6.23\u00a0 \/ 26.8.23 \u2013 25.11.23)<br \/>\n(6.4.24 \u2013 22.6.24\u00a0 \/ 24.8.24 \u2013 23.11.24)<\/li>\n<li>Weihnachten \/ Neujahr: <strong>CHF 420<\/strong>.- \/ Nacht<br \/>\n(23.12.23 \u2013 6.1.24\u00a0 \/ 21.12.24 \u2013 4.1.25)<\/li>\n<li>WEF: auf Anfrage<br \/>\n(7.1.23 \u2013 28.1.23\u00a0 \/\u00a0 6.1.24 \u2013 27.1.24)<\/li>\n<\/ul>\n<\/div><\/div><\/div><\/div><\/div><div class=\"w-tabs-section\" id=\"a5e7\"><button class=\"w-tabs-section-header\" aria-controls=\"content-a5e7\" aria-expanded=\"false\"><div class=\"w-tabs-section-title\">Nebenkosten<\/div><div class=\"w-tabs-section-control\"><\/div><\/button><div  class=\"w-tabs-section-content\" id=\"content-a5e7\"><div class=\"w-tabs-section-content-h i-cf\"><div class=\"wpb_text_column us_custom_f73f4019\"><div class=\"wpb_wrapper\"><ul>\n<li>Endreinigung: <strong>CHF 240.-<\/strong><\/li>\n<li>Bettw\u00e4sche: <strong>CHF 20.-<\/strong> \/ Person<\/li>\n<li>G\u00e4stetaxe: <strong>CHF 5.50<\/strong> \/ Person und Nacht<\/li>\n<\/ul>\n<\/div><\/div><\/div><\/div><\/div><div class=\"w-tabs-section\" id=\"y76a\"><button class=\"w-tabs-section-header\" aria-controls=\"content-y76a\" aria-expanded=\"false\"><div class=\"w-tabs-section-title\">Inbegriffen<\/div><div class=\"w-tabs-section-control\"><\/div><\/button><div  class=\"w-tabs-section-content\" id=\"content-y76a\"><div class=\"w-tabs-section-content-h i-cf\"><div class=\"wpb_text_column us_custom_f73f4019\"><div class=\"wpb_wrapper\"><ul>\n<li>Frott\u00e9ew\u00e4sche und K\u00fcchent\u00fccher<\/li>\n<li>Waschmaschine und W\u00e4schetrockner<\/li>\n<li>Kaffeekapseln Nespresso<\/li>\n<li>WLAN<\/li>\n<li>Holz f\u00fcr Chemin\u00e9e und Grill<\/li>\n<li><a href=\"https:\/\/www.davos.ch\/informieren\/gaeste-information\/gaestekarten\/premium-card\" target=\"_blank\" rel=\"noopener\">G\u00e4stekarte Davos \/ Kosters\u00a0<\/a><\/li>\n<li style=\"list-style-type: none;\"><\/li>\n<\/ul>\n<\/div><\/div><\/div><\/div><\/div><div class=\"w-tabs-section\" id=\"o8fc\"><button class=\"w-tabs-section-header\" aria-controls=\"content-o8fc\" aria-expanded=\"false\"><div class=\"w-tabs-section-title\">Konditionen<\/div><div class=\"w-tabs-section-control\"><\/div><\/button><div  class=\"w-tabs-section-content\" id=\"content-o8fc\"><div class=\"w-tabs-section-content-h i-cf\"><div class=\"wpb_text_column us_custom_f73f4019\"><div class=\"wpb_wrapper\"><ul>\n<li>Mindestdauer: 1 Woche<br \/>\n(k\u00fcrzere Aufenthaltsdauer auf Anfrage)<\/li>\n<li>Anreise: Samstag 16.00 Uhr<\/li>\n<li>Abreise: Samstag 10.00 Uhr<\/li>\n<li>Parkpl\u00e4tze vorhanden<\/li>\n<li>Das Rauchen im Haus ist verboten<\/li>\n<li>Haustiere sind nicht erlaubt<\/li>\n<li style=\"list-style-type: none;\"><\/li>\n<\/ul>\n<\/div><\/div><\/div><\/div><\/div><\/div><\/div><\/div><\/div><\/div><\/div><\/section><section class=\"l-section wpb_row height_medium\" id=\"buchungsanfrage\"><div class=\"l-section-h i-cf\"><div class=\"g-cols vc_row via_grid cols_1 laptops-cols_inherit tablets-cols_inherit mobiles-cols_1 valign_top type_default stacking_default\" style=\"grid-gap:1.5rem;\"><div class=\"wpb_column vc_column_container\"><div class=\"vc_column-inner\">[vc_custom_heading text=&#8221;Buchungsanfrage&#8221; font_container=&#8221;tag:h3|text_align:center&#8221; use_theme_fonts=&#8221;yes&#8221;]<div class=\"w-separator size_small\"><\/div><div class=\"wpb_text_column us_custom_f73f4019\"><div class=\"wpb_wrapper\"><p style=\"text-align: center;\">Senden Sie uns ihre Nachricht. Danach werden wir uns gerne pers\u00f6nlich bei Ihnen melden.<\/p>\n<\/div><\/div><div class=\"w-separator size_medium\"><\/div><div class=\"g-cols wpb_row via_grid cols_2-1 laptops-cols_inherit tablets-cols_inherit mobiles-cols_1 valign_top type_default stacking_default\"><div class=\"wpb_column vc_column_container\"><div class=\"vc_column-inner\"><div class=\"wpb_text_column\"><div class=\"wpb_wrapper\"><div class='wpbc_only_calendar'><div id='calendar_booking_unselectable1'><\/div><span class=\"wpdevelop\"><div style=\"clear:both;height:10px;\"><\/div><div class=\"wpbc_change_over_triangle\"><div class=\"bk_calendar_frame months_num_in_row_ cal_month_num_3 wpbc_timeslot_day_bg_as_available\" style=\"width:100%;max-width:852px;\"><div id=\"calendar_booking1\">Calendar is loading...<\/div><\/div><div style=\"font-size:10px;text-align:left;margin:5px 0 15px;text-shadow: none;\">Powered by <a href=\"https:\/\/wpbookingcalendar.com\" target=\"_blank\" title=\"Booking Calendar plugin for WordPress\">Booking Calendar<\/a><\/div><textarea id=\"date_booking1\" name=\"date_booking1\" autocomplete=\"off\" style=\"display:none;\"><\/textarea><div class=\"block_hints datepick \"><div class=\"wpdev_hint_with_text\"><div class=\"block_free datepick-days-cell\"><a>&nbsp;<\/a><\/div><div class=\"block_text\">- <\/div><div class=\"block_text\">Available<\/div><\/div><div class=\"wpdev_hint_with_text\"><div class=\"block_booked date_approved\">&nbsp;<\/div><div class=\"block_text\">- <\/div><div class=\"block_text\">Booked<\/div><\/div><\/div><\/div> <script type='text\/javascript'>  jQuery(document).ready( function(){  date_admin_blank[1] = [];  date2approve[1] = [];  var date_approved_par = [];  wpbc_resource_availability[ 1 ] = [''];   init_datepick_cal('1', date_approved_par, 3 , 0, false   );  }); <\/script><\/span><\/div>\n<\/div><\/div><\/div><\/div><div class=\"wpb_column vc_column_container\"><div class=\"vc_column-inner\"><form class=\"w-form  layout_ver for_cform us_form_1\" autocomplete=\"off\" action=\"https:\/\/chalet-klosters.faboag.ch\/en\/wp-json\/wp\/v2\/pages\/778\" method=\"post\"><div class=\"w-form-h\"><div class=\"w-form-row for_text required\">\r\n\t\t<div class=\"w-form-row-field\">\r\n\t\t\t\t\t\t<input aria-label=\"Vorname und Nachname\" type=\"text\" name=\"us_form_1_text_1\" value placeholder=\"Vorname und Nachname *\" data-required=\"true\" aria-required=\"true\"\/>\r\n\t\t\t<\/div>\r\n\t\t<div class=\"w-form-row-state\">Fill out this field<\/div>\r\n<\/div>\r\n<div class=\"w-form-row for_email required\">\r\n\t\t<div class=\"w-form-row-field\">\r\n\t\t\t\t\t\t<input aria-label=\"Email\" type=\"email\" name=\"us_form_1_email_1\" value placeholder=\"Email *\" data-required=\"true\" aria-required=\"true\"\/>\r\n\t\t\t<\/div>\r\n\t\t<div class=\"w-form-row-state\">Please enter a valid email address.<\/div>\r\n<\/div>\r\n<div class=\"w-form-row for_text required\">\r\n\t\t<div class=\"w-form-row-field\">\r\n\t\t\t\t\t\t<input aria-label=\"Telefon \" type=\"text\" name=\"us_form_1_text_2\" value placeholder=\"Telefon  *\" data-required=\"true\" aria-required=\"true\"\/>\r\n\t\t\t<\/div>\r\n\t\t<div class=\"w-form-row-state\">Fill out this field<\/div>\r\n<\/div>\r\n<div class=\"w-form-row for_text required\">\r\n\t\t<div class=\"w-form-row-field\">\r\n\t\t\t\t\t\t<input aria-label=\"An- und Abreise\" type=\"text\" name=\"us_form_1_text_3\" value placeholder=\"An- und Abreise *\" data-required=\"true\" aria-required=\"true\"\/>\r\n\t\t\t<\/div>\r\n\t\t<div class=\"w-form-row-state\">Fill out this field<\/div>\r\n<\/div>\r\n<div class=\"w-form-row for_text required\">\r\n\t\t<div class=\"w-form-row-field\">\r\n\t\t\t\t\t\t<input aria-label=\"Anzahl der G\u00e4ste \" type=\"text\" name=\"us_form_1_text_4\" value placeholder=\"Anzahl der G\u00e4ste  *\" data-required=\"true\" aria-required=\"true\"\/>\r\n\t\t\t<\/div>\r\n\t\t<div class=\"w-form-row-state\">Fill out this field<\/div>\r\n<\/div>\r\n<div class=\"w-form-row for_textarea\">\r\n\t\t<div class=\"w-form-row-field\">\r\n\t\t\t\t\t\t<textarea aria-label=\"Nachricht\" name=\"us_form_1_textarea_1\" placeholder=\"Nachricht\"><\/textarea>\r\n\t\t\t<\/div>\r\n\t\t<div class=\"w-form-row-state\">Fill out this field<\/div>\r\n<\/div>\r\n<input type=\"hidden\" name=\"action\" value=\"us_ajax_cform\" \/>\r\n<input type=\"hidden\" name=\"post_id\" value=\"0\" \/>\r\n<input type=\"hidden\" name=\"form_index\" value=\"1\" \/>\r\n<div class=\"w-form-row for_submit  align_none\">\r\n\t<button class=\"w-btn  us-btn-style_1\" aria-label=\"Senden\" type=\"submit\">\r\n\t\t<span class=\"g-preloader type_1\"><\/span>\r\n\t\t\t\t<span class=\"w-btn-label\">Senden<\/span>\r\n\t\t\t<\/button>\r\n\t<\/div>\r\n<\/div><div class=\"w-form-message\"><\/div><div class=\"w-form-json hidden\" onclick='return {&quot;ajaxurl&quot;:&quot;https:\\\/\\\/chalet-klosters.faboag.ch\\\/wp-admin\\\/admin-ajax.php&quot;,&quot;messages&quot;:{&quot;err_empty&quot;:&quot;Fill out this field&quot;,&quot;err_size&quot;:&quot;File size cannot exceed %s MB&quot;,&quot;err_extension&quot;:&quot;%s file type is not allowed&quot;}}'><\/div><\/form><\/div><\/div><\/div><\/div><\/div><\/div><\/div><\/section>\n","protected":false},"excerpt":{"rendered":"[vc_custom_heading source=\"post_title\" font_container=\"tag:h1|text_align:center|color:%23ffffff\" use_theme_fonts=\"yes\"][vc_custom_heading text=\"4 Sterne einfach fair\" font_container=\"tag:h1|font_size:2.2rem|text_align:left\" use_theme_fonts=\"yes\" css=\"%7B%22default%22%3A%7B%22line-height%22%3A%2260px%22%7D%7D\"]PreiseNebenkostenInbegriffenKonditionenPreise Hauptsaison: CHF 340.- \/ Nacht (28.1.23 \u2013 8.4.23\u00a0 \/\u00a0 27.1.24 \u2013 6.4.24) Zwischensaison: CHF 260.- \/ Nacht (24.6.23 \u2013 26.8.23\u00a0 \/\u00a0 25.11.23 \u2013 23.12.23) (22.6.24 \u2013 24.8.24\u00a0 \/\u00a0 23.11.24 \u2013 21.12.24) Nebensaison: CHF 220.- \/ Nacht (8.4.23 \u2013 24.6.23\u00a0 \/ 26.8.23 \u2013 25.11.23) (6.4.24...","protected":false},"author":1,"featured_media":682,"parent":0,"menu_order":0,"comment_status":"closed","ping_status":"closed","template":"","meta":[],"_links":{"self":[{"href":"https:\/\/chalet-klosters.faboag.ch\/en\/wp-json\/wp\/v2\/pages\/778"}],"collection":[{"href":"https:\/\/chalet-klosters.faboag.ch\/en\/wp-json\/wp\/v2\/pages"}],"about":[{"href":"https:\/\/chalet-klosters.faboag.ch\/en\/wp-json\/wp\/v2\/types\/page"}],"author":[{"embeddable":true,"href":"https:\/\/chalet-klosters.faboag.ch\/en\/wp-json\/wp\/v2\/users\/1"}],"replies":[{"embeddable":true,"href":"https:\/\/chalet-klosters.faboag.ch\/en\/wp-json\/wp\/v2\/comments?post=778"}],"version-history":[{"count":1,"href":"https:\/\/chalet-klosters.faboag.ch\/en\/wp-json\/wp\/v2\/pages\/778\/revisions"}],"predecessor-version":[{"id":779,"href":"https:\/\/chalet-klosters.faboag.ch\/en\/wp-json\/wp\/v2\/pages\/778\/revisions\/779"}],"wp:featuredmedia":[{"embeddable":true,"href":"https:\/\/chalet-klosters.faboag.ch\/en\/wp-json\/wp\/v2\/media\/682"}],"wp:attachment":[{"href":"https:\/\/chalet-klosters.faboag.ch\/en\/wp-json\/wp\/v2\/media?parent=778"}],"curies":[{"name":"wp","href":"https:\/\/api.w.org\/{rel}","templated":true}]}}