{"id":780,"date":"2022-07-07T08:39:37","date_gmt":"2022-07-07T08:39:37","guid":{"rendered":"https:\/\/chalet-klosters.faboag.ch\/kontakt\/"},"modified":"2023-06-02T09:48:46","modified_gmt":"2023-06-02T09:48:46","slug":"contact","status":"publish","type":"page","link":"https:\/\/chalet-klosters.faboag.ch\/en\/contact\/","title":{"rendered":"Contact"},"content":{"rendered":"<section class=\"l-section wpb_row us_custom_18199d4a height_auto with_img\"><div class=\"l-section-img\" data-img-width=\"2400\" data-img-height=\"1600\" style=\"background-image: url(https:\/\/chalet-klosters.faboag.ch\/wp-content\/uploads\/2023\/05\/chalet-fuechsli-davos-klosters-sommer-356.webp);background-position: bottom center;\"><\/div><div class=\"l-section-overlay\" style=\"background:rgba(51,51,51,0.15)\"><\/div><div class=\"l-section-h i-cf\"><div class=\"g-cols vc_row via_grid cols_1 laptops-cols_inherit tablets-cols_inherit mobiles-cols_1 valign_top type_default stacking_default\"><div class=\"wpb_column vc_column_container\"><div class=\"vc_column-inner\">[vc_custom_heading source=&#8221;post_title&#8221; font_container=&#8221;tag:h1|text_align:center|color:%23ffffff&#8221; use_theme_fonts=&#8221;yes&#8221;]<\/div><\/div><\/div><\/div><\/section><section class=\"l-section wpb_row height_medium\"><div class=\"l-section-h i-cf\"><div class=\"g-cols vc_row via_grid cols_1-2 laptops-cols_inherit tablets-cols_inherit mobiles-cols_1 valign_top type_default stacking_default\"><div class=\"wpb_column vc_column_container\"><div class=\"vc_column-inner\">[vc_custom_heading text=&#8221;pers\u00f6nlich<br \/>\nN\u00b01<br \/>\nKlosters&#8221; font_container=&#8221;tag:h2|font_size:2.2rem|text_align:left&#8221; use_theme_fonts=&#8221;yes&#8221; css=&#8221;%7B%22default%22%3A%7B%22line-height%22%3A%2260px%22%7D%7D&#8221;]<\/div><\/div><div class=\"wpb_column vc_column_container\"><div class=\"vc_column-inner\"><div class=\"wpb_text_column us_custom_f73f4019\"><div class=\"wpb_wrapper\"><p>Ruhig und sonnig gelegen hat man vom Chalet eine fantastische Aussicht auf das Dorf und die Berge.<\/p>\n<p>Eine kleine Privatstrasse f\u00fchrt zum Haus, welches oberhalb vom Dorfzentrum liegt und gut erschlossen ist.<\/p>\n<p>Wir als Familie Stalder legen grossen Wert Ihnen einen bestm\u00f6glichen Aufenthalt im Chalet F\u00fcchsli bieten zu k\u00f6nnen.<\/p>\n<\/div><\/div><\/div><\/div><\/div><\/div><\/section><section class=\"l-section wpb_row height_medium\"><div class=\"l-section-h i-cf\"><div class=\"g-cols vc_row via_grid cols_1 laptops-cols_inherit tablets-cols_inherit mobiles-cols_1 valign_top type_default stacking_default\"><div class=\"wpb_column vc_column_container\"><div class=\"vc_column-inner\"><div class=\"w-image align_center\"><div class=\"w-image-h\"><img width=\"1200\" height=\"800\" src=\"https:\/\/chalet-klosters.faboag.ch\/wp-content\/uploads\/2023\/05\/DSC_9173.webp\" class=\"attachment-full size-full\" alt=\"\" decoding=\"async\" loading=\"lazy\" srcset=\"https:\/\/chalet-klosters.faboag.ch\/wp-content\/uploads\/2023\/05\/DSC_9173.webp 1200w, https:\/\/chalet-klosters.faboag.ch\/wp-content\/uploads\/2023\/05\/DSC_9173-300x200.webp 300w, https:\/\/chalet-klosters.faboag.ch\/wp-content\/uploads\/2023\/05\/DSC_9173-1024x683.webp 1024w\" sizes=\"(max-width: 1200px) 100vw, 1200px\" \/><\/div><\/div><\/div><\/div><\/div><\/div><\/section><section class=\"l-section wpb_row height_medium\"><div class=\"l-section-h i-cf\"><div class=\"g-cols vc_row via_grid cols_3 laptops-cols_inherit tablets-cols_inherit mobiles-cols_1 valign_top type_default stacking_default\"><div class=\"wpb_column vc_column_container\"><div class=\"vc_column-inner\"><div class=\"w-iconbox us_custom_f73f4019 iconpos_top style_default color_contrast align_center\"><div class=\"w-iconbox-icon\" style=\"font-size:2rem;\"><i class=\"fal fa-map-signs\"><\/i><\/div><div class=\"w-iconbox-meta\"><h3 class=\"w-iconbox-title\" style=\"font-size:18px;\">Adresse<\/h3><div class=\"w-iconbox-text\"><p>Chalet F\u00fcchsli<strong>,<br \/>\n<\/strong>Talstrasse 119<br \/>\n7250 Klosters<\/p>\n<\/div><\/div><\/div><\/div><\/div><div class=\"wpb_column vc_column_container\"><div class=\"vc_column-inner\"><div class=\"w-iconbox us_custom_f73f4019 iconpos_top style_default color_contrast align_center\"><div class=\"w-iconbox-icon\" style=\"font-size:2rem;\"><i class=\"fal fa-at\"><\/i><\/div><div class=\"w-iconbox-meta\"><h3 class=\"w-iconbox-title\" style=\"font-size:18px;\">Email<\/h3><div class=\"w-iconbox-text\"><p><a href=\"mailto:chalet.fuechsli@gmail.com\">chalet.fuechsli@gmail.com<\/a><\/p>\n<\/div><\/div><\/div><\/div><\/div><div class=\"wpb_column vc_column_container\"><div class=\"vc_column-inner\"><div class=\"w-iconbox us_custom_f73f4019 iconpos_top style_default color_contrast align_center\"><div class=\"w-iconbox-icon\" style=\"font-size:2rem;\"><i class=\"fal fa-mobile-alt\"><\/i><\/div><div class=\"w-iconbox-meta\"><h3 class=\"w-iconbox-title\" style=\"font-size:18px;\">Telefon<\/h3><div class=\"w-iconbox-text\"><p><a href=\"tel:0041765125720\">+41 76 512 57 20<\/a><\/p>\n<\/div><\/div><\/div><\/div><\/div><\/div><\/div><\/section><section class=\"l-section wpb_row height_medium\"><div class=\"l-section-h i-cf\"><div class=\"g-cols vc_row via_grid cols_1 laptops-cols_inherit tablets-cols_inherit mobiles-cols_1 valign_top type_default reversed stacking_default\"><div class=\"wpb_column vc_column_container\"><div class=\"vc_column-inner\"><div class=\"w-map provider_osm\" id=\"us_map_1\"><div class=\"w-map-inner\"><div class=\"w-map-json\" onclick='return {&quot;address&quot;:&quot;46.87533, 9.88998&quot;,&quot;disableDragging&quot;:0,&quot;disableZoom&quot;:0,&quot;hideControls&quot;:0,&quot;zoom&quot;:15,&quot;markers&quot;:[{&quot;address&quot;:&quot;46.87533, 9.88998&quot;,&quot;html&quot;:&quot;&quot;,&quot;infowindow&quot;:0}],&quot;style&quot;:&quot;https:\\\/\\\/{s}.tile.openstreetmap.org\\\/{z}\\\/{x}\\\/{y}.png&quot;}'><\/div><\/div><\/div><\/div><\/div><\/div><\/div><\/section>\n","protected":false},"excerpt":{"rendered":"[vc_custom_heading source=\"post_title\" font_container=\"tag:h1|text_align:center|color:%23ffffff\" use_theme_fonts=\"yes\"][vc_custom_heading text=\"pers\u00f6nlich N\u00b01 Klosters\" font_container=\"tag:h2|font_size:2.2rem|text_align:left\" use_theme_fonts=\"yes\" css=\"%7B%22default%22%3A%7B%22line-height%22%3A%2260px%22%7D%7D\"]Ruhig und sonnig gelegen hat man vom Chalet eine fantastische Aussicht auf das Dorf und die Berge. Eine kleine Privatstrasse f\u00fchrt zum Haus, welches oberhalb vom Dorfzentrum liegt und gut erschlossen ist. Wir als Familie Stalder legen grossen Wert Ihnen einen bestm\u00f6glichen Aufenthalt im Chalet F\u00fcchsli...","protected":false},"author":1,"featured_media":719,"parent":0,"menu_order":0,"comment_status":"closed","ping_status":"closed","template":"","meta":[],"_links":{"self":[{"href":"https:\/\/chalet-klosters.faboag.ch\/en\/wp-json\/wp\/v2\/pages\/780"}],"collection":[{"href":"https:\/\/chalet-klosters.faboag.ch\/en\/wp-json\/wp\/v2\/pages"}],"about":[{"href":"https:\/\/chalet-klosters.faboag.ch\/en\/wp-json\/wp\/v2\/types\/page"}],"author":[{"embeddable":true,"href":"https:\/\/chalet-klosters.faboag.ch\/en\/wp-json\/wp\/v2\/users\/1"}],"replies":[{"embeddable":true,"href":"https:\/\/chalet-klosters.faboag.ch\/en\/wp-json\/wp\/v2\/comments?post=780"}],"version-history":[{"count":1,"href":"https:\/\/chalet-klosters.faboag.ch\/en\/wp-json\/wp\/v2\/pages\/780\/revisions"}],"predecessor-version":[{"id":781,"href":"https:\/\/chalet-klosters.faboag.ch\/en\/wp-json\/wp\/v2\/pages\/780\/revisions\/781"}],"wp:featuredmedia":[{"embeddable":true,"href":"https:\/\/chalet-klosters.faboag.ch\/en\/wp-json\/wp\/v2\/media\/719"}],"wp:attachment":[{"href":"https:\/\/chalet-klosters.faboag.ch\/en\/wp-json\/wp\/v2\/media?parent=780"}],"curies":[{"name":"wp","href":"https:\/\/api.w.org\/{rel}","templated":true}]}}