{"id":793,"date":"2022-07-27T08:12:34","date_gmt":"2022-07-27T08:12:34","guid":{"rendered":"https:\/\/chalet-klosters.faboag.ch\/impressum\/"},"modified":"2023-06-02T10:24:00","modified_gmt":"2023-06-02T10:24:00","slug":"imprint","status":"publish","type":"page","link":"https:\/\/chalet-klosters.faboag.ch\/en\/imprint\/","title":{"rendered":"Imprint"},"content":{"rendered":"<section class=\"l-section wpb_row height_medium\"><div class=\"l-section-h i-cf\"><div class=\"g-cols vc_row via_grid cols_1 laptops-cols_inherit tablets-cols_inherit mobiles-cols_1 valign_top type_default stacking_default\"><div class=\"wpb_column vc_column_container\"><div class=\"vc_column-inner\"><div class=\"wpb_text_column\"><div class=\"wpb_wrapper\"><p style=\"text-align: center;\"><strong>Kontaktadresse<\/strong><\/p>\n<p style=\"text-align: center;\">Chalet F\u00fcchsli<strong><br \/>\n<\/strong>Talstrasse 119<br \/>\n7250 Klosters<\/p>\n<p style=\"text-align: center;\">T: +41 76 512 57 20<br \/>\nchalet.fuechsli@gmail.com<\/p>\n<p style=\"text-align: center;\"><strong>Vertretungsberechtigte Personen<\/strong><\/p>\n<p style=\"text-align: center;\">Roman Stalder<\/p>\n<p style=\"text-align: center;\"><strong>F\u00fcr den Inhalt verantwortlich<\/strong><\/p>\n<p style=\"text-align: center;\">Chalet F\u00fcchsli<strong><br \/>\n<\/strong>Talstrasse 119<br \/>\n7250 Klosters<\/p>\n<p style=\"text-align: center;\">T: +41 76 512 57 20<br \/>\nchalet.fuechsli@gmail.com<\/p>\n<p style=\"text-align: center;\"><strong>Technische Realisierung<\/strong><\/p>\n<p style=\"text-align: center;\">FABO communication AG<br \/>\nRheinstrasse 22<br \/>\n7320 Sargans<\/p>\n<p style=\"text-align: center;\">T: +41 81 710 44 48<br \/>\nM: mail@fabo.ch<\/p>\n<p style=\"text-align: center;\"><strong>Gestaltung<\/strong><\/p>\n<p style=\"text-align: center;\">FABO communication AG<br \/>\nRheinstrasse 22<br \/>\n7320 Sargans<\/p>\n<p style=\"text-align: center;\">T: +41 81 710 44 48<br \/>\nM: mail@fabo.ch<\/p>\n<p style=\"text-align: center;\"><strong>Copyright \/ Urheberrecht<\/strong><\/p>\n<p style=\"text-align: center;\">Der gesamte Inhalt der Website chalet-klosters.ch ist urheberrechtlich gesch\u00fctzt. Die Urheberrechte kommen dabei chalet-klosters.ch zu. Die Elemente auf der Website sind nur f\u00fcr Browsingzwecke frei zug\u00e4nglich. Jede Art der Verbreitung, Vervielf\u00e4ltigung, Bearbeitung und Verwertung des gegenst\u00e4ndlichen Materials (auch Teile daraus) ausserhalb der Grenzen des Urheberrechts bedarf der vorherigen schriftlichen Zustimmung des Urhebers. Die Verbreitung und Vervielf\u00e4ltigung des gegenst\u00e4ndlichen Materials (auch Teile daraus) in gedruckter oder elektronischer Form innerhalb der Grenzen des Urheberrechts sind nur mit ausdr\u00fccklicher namentlicher Nennung des Urhebers gestattet.<\/p>\n<p style=\"text-align: center;\">Durch das Herunterladen oder Kopieren von Inhalten, Bildern, Fotos oder anderen Dateien werden keinerlei Rechte bez\u00fcglich der Inhalte \u00fcbertragen. Die verwendeten Namen und Logos sind eingetragene und daher gesch\u00fctzte Marken, weshalb kein Recht zur Nutzung der Bilder, Namen und Logos besteht. chalet-klosters.ch beh\u00e4lt sich s\u00e4mtliche Rechte hinsichtlich des gesamten Inhaltes der Website \u2013 ausgenommen davon sind Rechte Dritter \u2013 vor.<\/p>\n<\/div><\/div><\/div><\/div><\/div><\/div><\/section>\n","protected":false},"excerpt":{"rendered":"Kontaktadresse Chalet F\u00fcchsli Talstrasse 119 7250 Klosters T: +41 76 512 57 20 chalet.fuechsli@gmail.com Vertretungsberechtigte Personen Roman Stalder F\u00fcr den Inhalt verantwortlich Chalet F\u00fcchsli Talstrasse 119 7250 Klosters T: +41 76 512 57 20 chalet.fuechsli@gmail.com Technische Realisierung FABO communication AG Rheinstrasse 22 7320 Sargans T: +41 81 710 44 48 M: mail@fabo.ch Gestaltung FABO communication...","protected":false},"author":1,"featured_media":733,"parent":0,"menu_order":0,"comment_status":"closed","ping_status":"closed","template":"","meta":[],"_links":{"self":[{"href":"https:\/\/chalet-klosters.faboag.ch\/en\/wp-json\/wp\/v2\/pages\/793"}],"collection":[{"href":"https:\/\/chalet-klosters.faboag.ch\/en\/wp-json\/wp\/v2\/pages"}],"about":[{"href":"https:\/\/chalet-klosters.faboag.ch\/en\/wp-json\/wp\/v2\/types\/page"}],"author":[{"embeddable":true,"href":"https:\/\/chalet-klosters.faboag.ch\/en\/wp-json\/wp\/v2\/users\/1"}],"replies":[{"embeddable":true,"href":"https:\/\/chalet-klosters.faboag.ch\/en\/wp-json\/wp\/v2\/comments?post=793"}],"version-history":[{"count":1,"href":"https:\/\/chalet-klosters.faboag.ch\/en\/wp-json\/wp\/v2\/pages\/793\/revisions"}],"predecessor-version":[{"id":794,"href":"https:\/\/chalet-klosters.faboag.ch\/en\/wp-json\/wp\/v2\/pages\/793\/revisions\/794"}],"wp:featuredmedia":[{"embeddable":true,"href":"https:\/\/chalet-klosters.faboag.ch\/en\/wp-json\/wp\/v2\/media\/733"}],"wp:attachment":[{"href":"https:\/\/chalet-klosters.faboag.ch\/en\/wp-json\/wp\/v2\/media?parent=793"}],"curies":[{"name":"wp","href":"https:\/\/api.w.org\/{rel}","templated":true}]}}